{"id":1146,"date":"2023-11-13T15:28:01","date_gmt":"2023-11-13T18:28:01","guid":{"rendered":"http:\/\/outec.com.br\/?page_id=1146"},"modified":"2023-11-16T10:16:17","modified_gmt":"2023-11-16T13:16:17","slug":"politica-anticorrupcao","status":"publish","type":"page","link":"http:\/\/outec.com.br\/?page_id=1146","title":{"rendered":"POL\u00cdTICA ANTICORRUP\u00c7\u00c3O"},"content":{"rendered":"\t\t<div data-elementor-type=\"wp-page\" data-elementor-id=\"1146\" class=\"elementor elementor-1146\">\n\t\t\t\t\t\t\t<div class=\"elementor-element elementor-element-5e2ffbe e-flex e-con-boxed e-con e-parent\" data-id=\"5e2ffbe\" data-element_type=\"container\" data-settings=\"{&quot;background_background&quot;:&quot;classic&quot;,&quot;content_width&quot;:&quot;boxed&quot;}\" data-core-v316-plus=\"true\">\n\t\t\t\t\t<div class=\"e-con-inner\">\n\t\t\t\t<div class=\"elementor-element elementor-element-e3eabab elementor-widget elementor-widget-spacer\" data-id=\"e3eabab\" data-element_type=\"widget\" data-widget_type=\"spacer.default\">\n\t\t\t\t<div class=\"elementor-widget-container\">\n\t\t\t<style>\/*! elementor - v3.17.0 - 08-11-2023 *\/\n.elementor-column .elementor-spacer-inner{height:var(--spacer-size)}.e-con{--container-widget-width:100%}.e-con-inner>.elementor-widget-spacer,.e-con>.elementor-widget-spacer{width:var(--container-widget-width,var(--spacer-size));--align-self:var(--container-widget-align-self,initial);--flex-shrink:0}.e-con-inner>.elementor-widget-spacer>.elementor-widget-container,.e-con>.elementor-widget-spacer>.elementor-widget-container{height:100%;width:100%}.e-con-inner>.elementor-widget-spacer>.elementor-widget-container>.elementor-spacer,.e-con>.elementor-widget-spacer>.elementor-widget-container>.elementor-spacer{height:100%}.e-con-inner>.elementor-widget-spacer>.elementor-widget-container>.elementor-spacer>.elementor-spacer-inner,.e-con>.elementor-widget-spacer>.elementor-widget-container>.elementor-spacer>.elementor-spacer-inner{height:var(--container-widget-height,var(--spacer-size))}.e-con-inner>.elementor-widget-spacer.elementor-widget-empty,.e-con>.elementor-widget-spacer.elementor-widget-empty{position:relative;min-height:22px;min-width:22px}.e-con-inner>.elementor-widget-spacer.elementor-widget-empty .elementor-widget-empty-icon,.e-con>.elementor-widget-spacer.elementor-widget-empty .elementor-widget-empty-icon{position:absolute;top:0;bottom:0;left:0;right:0;margin:auto;padding:0;width:22px;height:22px}<\/style>\t\t<div class=\"elementor-spacer\">\n\t\t\t<div class=\"elementor-spacer-inner\"><\/div>\n\t\t<\/div>\n\t\t\t\t<\/div>\n\t\t\t\t<\/div>\n\t\t\t\t\t<\/div>\n\t\t\t\t<\/div>\n\t\t<div class=\"elementor-element elementor-element-5627c2a e-flex e-con-boxed e-con e-parent\" data-id=\"5627c2a\" data-element_type=\"container\" data-settings=\"{&quot;background_background&quot;:&quot;classic&quot;,&quot;content_width&quot;:&quot;boxed&quot;}\" data-core-v316-plus=\"true\">\n\t\t\t\t\t<div class=\"e-con-inner\">\n\t\t\t\t<div class=\"elementor-element elementor-element-bf19bc2 elementor-widget elementor-widget-heading\" data-id=\"bf19bc2\" data-element_type=\"widget\" data-widget_type=\"heading.default\">\n\t\t\t\t<div class=\"elementor-widget-container\">\n\t\t\t<style>\/*! elementor - v3.17.0 - 08-11-2023 *\/\n.elementor-heading-title{padding:0;margin:0;line-height:1}.elementor-widget-heading .elementor-heading-title[class*=elementor-size-]>a{color:inherit;font-size:inherit;line-height:inherit}.elementor-widget-heading .elementor-heading-title.elementor-size-small{font-size:15px}.elementor-widget-heading .elementor-heading-title.elementor-size-medium{font-size:19px}.elementor-widget-heading .elementor-heading-title.elementor-size-large{font-size:29px}.elementor-widget-heading .elementor-heading-title.elementor-size-xl{font-size:39px}.elementor-widget-heading .elementor-heading-title.elementor-size-xxl{font-size:59px}<\/style><h2 class=\"elementor-heading-title elementor-size-default\">POL\u00cdTICA ANTICORRUP\u00c7\u00c3O<\/h2>\t\t<\/div>\n\t\t\t\t<\/div>\n\t\t\t\t\t<\/div>\n\t\t\t\t<\/div>\n\t\t<div class=\"elementor-element elementor-element-9ff495a e-flex e-con-boxed e-con e-parent\" data-id=\"9ff495a\" data-element_type=\"container\" data-settings=\"{&quot;background_background&quot;:&quot;classic&quot;,&quot;content_width&quot;:&quot;boxed&quot;}\" data-core-v316-plus=\"true\">\n\t\t\t\t\t<div class=\"e-con-inner\">\n\t\t\t\t<div class=\"elementor-element elementor-element-02ffe15 elementor-widget elementor-widget-spacer\" data-id=\"02ffe15\" data-element_type=\"widget\" data-widget_type=\"spacer.default\">\n\t\t\t\t<div class=\"elementor-widget-container\">\n\t\t\t\t\t<div class=\"elementor-spacer\">\n\t\t\t<div class=\"elementor-spacer-inner\"><\/div>\n\t\t<\/div>\n\t\t\t\t<\/div>\n\t\t\t\t<\/div>\n\t\t\t\t\t<\/div>\n\t\t\t\t<\/div>\n\t\t<div class=\"elementor-element elementor-element-a0506c4 e-flex e-con-boxed e-con e-parent\" data-id=\"a0506c4\" data-element_type=\"container\" data-settings=\"{&quot;background_background&quot;:&quot;classic&quot;,&quot;content_width&quot;:&quot;boxed&quot;}\" data-core-v316-plus=\"true\">\n\t\t\t\t\t<div class=\"e-con-inner\">\n\t\t\t\t<div class=\"elementor-element elementor-element-c8c043e elementor-widget elementor-widget-text-editor\" data-id=\"c8c043e\" data-element_type=\"widget\" data-widget_type=\"text-editor.default\">\n\t\t\t\t<div class=\"elementor-widget-container\">\n\t\t\t<style>\/*! elementor - v3.17.0 - 08-11-2023 *\/\n.elementor-widget-text-editor.elementor-drop-cap-view-stacked .elementor-drop-cap{background-color:#69727d;color:#fff}.elementor-widget-text-editor.elementor-drop-cap-view-framed .elementor-drop-cap{color:#69727d;border:3px solid;background-color:transparent}.elementor-widget-text-editor:not(.elementor-drop-cap-view-default) .elementor-drop-cap{margin-top:8px}.elementor-widget-text-editor:not(.elementor-drop-cap-view-default) .elementor-drop-cap-letter{width:1em;height:1em}.elementor-widget-text-editor .elementor-drop-cap{float:left;text-align:center;line-height:1;font-size:50px}.elementor-widget-text-editor .elementor-drop-cap-letter{display:inline-block}<\/style>\t\t\t\t<p>Atualmente a corrup\u00e7\u00e3o tem se tornado o alvo principal das manchetes nos meios de comunica\u00e7\u00e3o, e sendo alvo de fartos debates acalorados, n\u00e3o somente no cen\u00e1rio brasileiro, mas em grande parte das na\u00e7\u00f5es ao longo do globo. Sabe-se que a corrup\u00e7\u00e3o se tornou dos mais expressivos males que afetam a sociedade moderna, sendo not\u00f3rios os custos pol\u00edticos, econ\u00f4micos e sociais que ela provoca. Al\u00e9m de comprometer o desenvolvimento econ\u00f4mico, a corrup\u00e7\u00e3o gera um ambiente de grande inseguran\u00e7a jur\u00eddica, enfraquecendo os valores morais da sociedade e p\u00f5e em riscos as institui\u00e7\u00f5es democr\u00e1ticas.<\/p><p>Destarte, o controle da corrup\u00e7\u00e3o torna-se essencial para o fortalecimento da democracia e do crescimento econ\u00f4mico do pa\u00eds.<\/p><p>Pensando nisso, a OUTEC Engenharia Ltda., preocupada com o cumprimento das normas de preven\u00e7\u00e3o a atos lesivos ao Estado \u2013 Nacional ou Estrangeiro \u2013 e \u00e0 sociedade como um todo, criou seu Programa de Integridade, tendo como base a Lei Federal n\u00ba 12.846\/13 (conhecida como Lei Anticorrup\u00e7\u00e3o), o Decreto regulamentar n\u00ba 8.420 e as legisla\u00e7\u00f5es internacionais, tais como Conven\u00e7\u00f5es da OCDE e da ONU, a Lei contra Subornos do Reino Unido de 2010 (U.K. Bribery Act \u2013 UKBA) e a Lei contra Pr\u00e1ticas de Corrup\u00e7\u00e3o Estrangeira Americana (U.S. Foringn Corrupt Practices Act \u2013 FCPA), bem como a moral, a \u00e9tica e os costumes dos locais onde atua.<\/p><p>Tais legisla\u00e7\u00f5es, disp\u00f5em a respeito da responsabilidade objetiva, administrativa e civil, de pessoas jur\u00eddicas que se envolvem em atos de corrup\u00e7\u00e3o e\/ou praticam atos lesivos contra o Estado, inclusive exigindo que as empresas adotem posturas proativas no sentido de precaver e combater atos de corrup\u00e7\u00e3o, tornando necess\u00e1ria a cria\u00e7\u00e3o de sistemas e pol\u00edticas que previnam a ocorr\u00eancia de tais atos.<\/p><p>Assim, criamos esse sistema a fim de informarmos que n\u00e3o toleramos suborno ou corrup\u00e7\u00e3o de qualquer forma e em quaisquer lugares que operamos ou viermos a operar, pautando sempre nossa atua\u00e7\u00e3o nos mais altos valores \u00e9ticos e morais. Ressaltamos tamb\u00e9m que este sistema criado para difundir pr\u00e1ticas \u00edntegras permeia todos os aspectos da empresa, desde a rela\u00e7\u00e3o com os funcion\u00e1rios, prestadores de servi\u00e7os, fornecedores de materiais e outros, para a coopera\u00e7\u00e3o no combate \u00e0 corrup\u00e7\u00e3o.<\/p><p><strong>DEFINI\u00c7\u00d5ES:<\/strong><\/p><ul><li>Administra\u00e7\u00e3o P\u00fablica: conjunto de \u00f3rg\u00e3os, servi\u00e7os e agentes do Estado que atuam para satisfazer as necessidades da sociedade, gerindo recursos p\u00fablicos e prestando servi\u00e7os aos cidad\u00e3os.<\/li><li>Administra\u00e7\u00e3o P\u00fablica Estrangeira: \u00f3rg\u00e3os, entidades estatais, representantes diplom\u00e1ticos e pessoas jur\u00eddicas controladas, direta ou indiretamente, pelo poder p\u00fablico de pa\u00eds estrangeiro.<\/li><li>Agente P\u00fablico: seguindo o disposto na Lei de Improbidade Administrativa (Lei n\u00ba 8429\/92) agente p\u00fablico \u00e9 todo aquele que exerce, ainda que de forma transit\u00f3ria ou sem remunera\u00e7\u00e3o, por elei\u00e7\u00e3o, nomea\u00e7\u00e3o, designa\u00e7\u00e3o, contrata\u00e7\u00e3o ou qualquer outra forma de investidura ou v\u00ednculo, mandato, cargo, emprego ou fun\u00e7\u00e3o nas entidades e \u00f3rg\u00e3os da administra\u00e7\u00e3o p\u00fablica.<\/li><li>Agente P\u00fablico Estrangeiro: aquele que, ainda que transitoriamente ou sem remunera\u00e7\u00e3o, exerce cargo, emprego ou fun\u00e7\u00e3o p\u00fablica em \u00f3rg\u00e3os, entidades estatais ou em representa\u00e7\u00f5es diplom\u00e1ticas ou pessoas jur\u00eddicas controladas direta ou indiretamente pelo poder p\u00fablico de pa\u00eds estrangeiro ou organiza\u00e7\u00f5es p\u00fablicas internacionais.<\/li><li>Licita\u00e7\u00e3o: \u00e9 um processo administrativo realizado por um ente p\u00fablico com a finalidade de escolher fornecedor de produtos e\/ou servi\u00e7os, garantindo o princ\u00edpio constitucional de isonomia. Atrav\u00e9s da Lei n\u00ba 8.666\/93 foram estabelecidas normas gerais a respeito do procedimento licitat\u00f3rio e contratos administrativos relativos a obras, servi\u00e7os, compras, aliena\u00e7\u00f5es e loca\u00e7\u00f5es realizadas pelos Poderes da Uni\u00e3o, dos Estados, do Distrito Federal e dos Munic\u00edpios.<\/li><li>Parceiros de Neg\u00f3cio e Fornecedores: aqueles que possuem relacionamento comercial com a OUTEC, seja pessoa f\u00edsica ou jur\u00eddica, tais como: consultores, conveniados, prestadores de servi\u00e7os, fornecedores de materiais, entre outros.<\/li><li>Programa de Integridade: trata-se do conjunto de mecanismos e procedimentos realizados em \u00e2mbito interno com o objetivo de detectar e sanar desvios, fraudes, irregularidades e atos il\u00edcitos que s\u00e3o ou podem vir a ser praticados contra a administra\u00e7\u00e3o p\u00fablica nacional ou estrangeira.<\/li><li>Atos Lesivos: atos realizados por particulares com a finalidade de desviar objetivos institucionais relacionados a um agente p\u00fablico ou ente estatal.<\/li><\/ul><p><strong>DESTINAT\u00c1RIOS<\/strong><\/p><p>Este documento se destina a todos os estagi\u00e1rios, funcion\u00e1rios, s\u00f3cios, prestadores de servi\u00e7os, fornecedores de materiais, e todos parceiros comerciais e outros que venham a ser contratados ou subcontratados, sejam pessoa f\u00edsica ou jur\u00eddica que atuarem em nome da OUTEC.<\/p><p><strong>APLICABILIDADE<\/strong><\/p><p>A aplicabilidade desta pol\u00edtica estabelece regras, diretrizes e procedimentos que garantam que seus destinat\u00e1rios cumpram as leis anticorrup\u00e7\u00e3o aplic\u00e1veis nas intera\u00e7\u00f5es com os agentes p\u00fablicos ou privados em qualquer localidade que a OUTEC atue ou venha a atuar.<\/p><p><strong>ATOS PROIBIDOS E INAPROPRIADOS<\/strong><br \/>A OUTEC, preocupada com as pr\u00e1ticas morais e as legisla\u00e7\u00f5es vigentes, repudia a realiza\u00e7\u00e3o de todo e qualquer ato lesivo, relacionado \u00e0 empresa, bem como atos realizados com a finalidade de obten\u00e7\u00e3o de vantagem indevida em seu benef\u00edcio ou de qualquer de seus parceiros de neg\u00f3cio.<\/p><p>Vantagens indevidas caracterizam-se pelas pr\u00e1ticas de oferecer, prometer, autorizar, dar dinheiro ou presentes para oficiais do governo nacional ou estrangeiro, agentes p\u00fablicos ou pessoa a eles relacionadas. Assim, estar\u00e3o em desacordo com os princ\u00edpios e valores da OUTEC, os atos ou incentivos a agentes p\u00fablicos, nacionais ou estrangeiros, praticados com a finalidade de:<\/p><ul><li>Influenciar ato ou decis\u00e3o;<\/li><li>Realizar ou omitir ato de viola\u00e7\u00e3o \u00e0 lei;<\/li><li>Garantir vantagem que seja indevida;<\/li><li>Utilizar de sua influ\u00eancia com membros do governo;<\/li><li>Induzir a realiza\u00e7\u00e3o de forma inapropriada de uma fun\u00e7\u00e3o ou atividade relevante;<\/li><li>Financiar, custear, patrocinar ou de qualquer modo subvencionar a pr\u00e1tica dos atos il\u00edcitos previstos;<\/li><li>Utilizar de pessoa f\u00edsica ou jur\u00eddica para ocultar ou dissimular seus reais interesses ou a identidade dos benefici\u00e1rios dos atos praticados;<\/li><li>Dificultar poss\u00edvel atividade de investiga\u00e7\u00e3o ou fiscaliza\u00e7\u00e3o de \u00f3rg\u00e3os, entidades ou agente p\u00fablicos, ou intervir em suas poss\u00edveis atua\u00e7\u00f5es, inclusive se tratar-se de ag\u00eancias reguladores e \u00f3rg\u00e3os de fiscaliza\u00e7\u00f5es do sistema financeiro nacional.<\/li><li>Promover falsifica\u00e7\u00f5es, apropria\u00e7\u00f5es ind\u00e9bitas, falsidades ideol\u00f3gicas, evas\u00f5es fiscais;<\/li><li>Praticar atos desleais e il\u00edcitos;<\/li><li>Incentivar ato il\u00edcito de oferecimento ou aceita\u00e7\u00e3o de propinas e suborno;<\/li><li>Falsificar documentos, relat\u00f3rios e registros financeiros;<\/li><li>Estruturar de transa\u00e7\u00f5es que tenham como o objetivo burlar processos de aprova\u00e7\u00e3o e demais controles internos.<\/li><\/ul><p>As pr\u00e1ticas desses atos estar\u00e3o sujeitas a aplica\u00e7\u00e3o de medidas disciplinares \u00e0 funcion\u00e1rios, revis\u00f5es contratuais com parceiros de neg\u00f3cio ou qualquer outra medida a ser adotada pelo comit\u00ea de \u00c9tica da OUTEC, que atuar\u00e1 sempre de acordo com a legisla\u00e7\u00e3o interna ou externa quando aplic\u00e1vel.<\/p><p>\u201cEXTEN\u00c7\u00c3O DAS REGRAS DO PROGRAMA DE INTEGRIDADE AOS<br \/>PARCEIROS DE NEG\u00d3CIO E CLIENTES\u201d<\/p><p>A OUTEC baseia-se em crit\u00e9rios t\u00e9cnicos, objetivos e preestabelecidos, como, por exemplo, capacidade t\u00e9cnica e de fornecimento, qualidade, prazos e pre\u00e7os ofertados, a fim de se comprometer com seus clientes, fornecedores e parceiros, e com o desenvolvimento econ\u00f4mico do estado, respeitando as legisla\u00e7\u00f5es aplic\u00e1veis.<\/p><p>A responsabiliza\u00e7\u00e3o pela pr\u00e1tica de atos contra a administra\u00e7\u00e3o p\u00fablica nacional ou estrangeira \u00e9 objetiva podendo, inclusive, ser responsabilizada por atos praticados em seu nome, por parceiros de neg\u00f3cio, ou seja, os atos lesivos que s\u00e3o praticados no interesse da pessoa jur\u00eddica, visando benef\u00edcio, exclusivo ou n\u00e3o.<\/p><p>Assim, existindo possibilidade vi\u00e1vel da OUTEC vir a ser responsabilizada por poss\u00edveis a\u00e7\u00f5es de terceiros contratados para atuar como seu parceiro comercial ou fornecedor implica na necessidade da obten\u00e7\u00e3o de informa\u00e7\u00f5es m\u00ednimas e suficientes sobre esses parceiros que possam avaliar a sua integridade e conduta.<\/p><p>Desse modo, todos os contratos firmados com clientes e parceiros de neg\u00f3cio conter\u00e3o cl\u00e1usulas que garantem exig\u00eancia de pr\u00e1ticas e de controles que co\u00edbam atos de corrup\u00e7\u00e3o, lavagem de dinheiro e que atestem o compromisso do contratado com a conformidade da legisla\u00e7\u00e3o que versa sobre este assunto, mencionada nesta pol\u00edtica.<\/p><p><strong>CONTRIBUI\u00c7\u00d5ES A PARTIDOS POL\u00cdTICOS<\/strong><br \/>Todos os destinat\u00e1rios para a qual essa Pol\u00edtica \u00e9 destinada podem realizar contribui\u00e7\u00f5es de cunho pessoal para partidos e pol\u00edticos, por\u00e9m a OUTEC n\u00e3o autoriza que seu nome seja relacionado a tais contribui\u00e7\u00f5es.<\/p><p>Tal delibera\u00e7\u00e3o ressalta a integridade da empresa em n\u00e3o se envolver em quaisquer atos que sejam pass\u00edveis de corrup\u00e7\u00e3o, sempre levando em considera\u00e7\u00e3o os princ\u00edpios da conserva\u00e7\u00e3o da empresa e a manuten\u00e7\u00e3o das rela\u00e7\u00f5es trabalhistas.<\/p><p><strong>CONFLITOS DE INTERESSE COM A OUTEC<\/strong><br \/>Para o efetivo cumprimento desta pol\u00edtica, \u00e9 de rigor que todos os destinat\u00e1rios a qual \u00e9 dirigida, estejam atentos e evitem qualquer poss\u00edvel intera\u00e7\u00e3o com agentes p\u00fablicos que possam ser identificados como conflito de interesses.<\/p><p>Dever\u00e3o, ainda, se prevenir de qualquer apar\u00eancia de ilegalidade, buscando garantir o m\u00e1ximo de dilig\u00eancia em cada situa\u00e7\u00e3o, como, por exemplo:<br \/>(I) No caso de contatos pessoais com \u00f3rg\u00e3os do governo, as reuni\u00f5es dever\u00e3o ser realizadas em ambiente profissional e em hor\u00e1rio comercial;<br \/>(II) Marcar formalmente por e-mail qualquer reuni\u00e3o na qual um agente p\u00fablico tamb\u00e9m comparecer\u00e1;<br \/>(III)Evitar comparecer desacompanhado em alguma reuni\u00e3o com agente p\u00fablico;<br \/>(IV)Evitar marcar reuni\u00f5es com o agente p\u00fablico que tem poder de decis\u00e3o sobre alguma situa\u00e7\u00e3o relevante para os associados em momento pr\u00f3ximo a<br \/>esta decis\u00e3o;<br \/>(V) Evitar que reuni\u00f5es com agentes p\u00fablicos sejam realizadas em locais de luxo, mesmo que a Outec n\u00e3o pague pelas despesas;<br \/>(VI)Formalizar reuni\u00f5es em atas.<\/p><p>Como a Lei Brasileira Anticorrup\u00e7\u00e3o trata de diversos atos contra a administra\u00e7\u00e3o p\u00fablica, qualquer intera\u00e7\u00e3o com agentes p\u00fablicos deve ser cuidadosamente conduzida e planejada, de modo a minimizar qualquer margem a interpreta\u00e7\u00f5es, protegendo a carreira de cada um, a imagem da empresa e seus colaboradores.<\/p><p>Em qualquer situa\u00e7\u00e3o em que existam d\u00favidas sobre a presen\u00e7a de conflitos devese recorrer ao C\u00f3digo de \u00c9tica e Conduta e demais pol\u00edticas da empresa, bem como comunicados ao seu superior, aos s\u00f3cios ou aos respons\u00e1veis de investiga\u00e7\u00e3o atrav\u00e9s do canal de comunica\u00e7\u00e3o oficial.<\/p>\t\t\t\t\t\t<\/div>\n\t\t\t\t<\/div>\n\t\t\t\t\t<\/div>\n\t\t\t\t<\/div>\n\t\t<div class=\"elementor-element elementor-element-9182456 e-flex e-con-boxed e-con e-parent\" data-id=\"9182456\" data-element_type=\"container\" data-settings=\"{&quot;background_background&quot;:&quot;classic&quot;,&quot;content_width&quot;:&quot;boxed&quot;}\" data-core-v316-plus=\"true\">\n\t\t\t\t\t<div class=\"e-con-inner\">\n\t\t\t\t<div class=\"elementor-element elementor-element-fad1e4c elementor-widget elementor-widget-spacer\" data-id=\"fad1e4c\" data-element_type=\"widget\" data-widget_type=\"spacer.default\">\n\t\t\t\t<div class=\"elementor-widget-container\">\n\t\t\t\t\t<div class=\"elementor-spacer\">\n\t\t\t<div class=\"elementor-spacer-inner\"><\/div>\n\t\t<\/div>\n\t\t\t\t<\/div>\n\t\t\t\t<\/div>\n\t\t\t\t\t<\/div>\n\t\t\t\t<\/div>\n\t\t\t\t\t\t\t<\/div>\n\t\t","protected":false},"excerpt":{"rendered":"<p>POL\u00cdTICA ANTICORRUP\u00c7\u00c3O Atualmente a corrup\u00e7\u00e3o tem se tornado o alvo principal das manchetes nos meios de comunica\u00e7\u00e3o, e sendo alvo de fartos debates acalorados, n\u00e3o somente no cen\u00e1rio brasileiro, mas em grande parte das na\u00e7\u00f5es ao longo do globo. Sabe-se que a corrup\u00e7\u00e3o se tornou dos mais expressivos males que afetam a sociedade moderna, sendo &hellip;<\/p>\n<p class=\"read-more\"> <a class=\"\" href=\"http:\/\/outec.com.br\/?page_id=1146\"> <span class=\"screen-reader-text\">POL\u00cdTICA ANTICORRUP\u00c7\u00c3O<\/span> Leia mais &raquo;<\/a><\/p>\n","protected":false},"author":1,"featured_media":0,"parent":0,"menu_order":0,"comment_status":"closed","ping_status":"closed","template":"","meta":{"site-sidebar-layout":"no-sidebar","site-content-layout":"page-builder","ast-site-content-layout":"full-width-container","site-content-style":"default","site-sidebar-style":"default","ast-global-header-display":"","ast-banner-title-visibility":"","ast-main-header-display":"","ast-hfb-above-header-display":"","ast-hfb-below-header-display":"","ast-hfb-mobile-header-display":"","site-post-title":"disabled","ast-breadcrumbs-content":"","ast-featured-img":"disabled","footer-sml-layout":"","theme-transparent-header-meta":"","adv-header-id-meta":"","stick-header-meta":"","header-above-stick-meta":"","header-main-stick-meta":"","header-below-stick-meta":"","astra-migrate-meta-layouts":"","ast-page-background-enabled":"default","ast-page-background-meta":{"desktop":{"background-color":"var(--ast-global-color-4)","background-image":"","background-repeat":"repeat","background-position":"center center","background-size":"auto","background-attachment":"scroll","background-type":"","background-media":"","overlay-type":"","overlay-color":"","overlay-gradient":""},"tablet":{"background-color":"","background-image":"","background-repeat":"repeat","background-position":"center center","background-size":"auto","background-attachment":"scroll","background-type":"","background-media":"","overlay-type":"","overlay-color":"","overlay-gradient":""},"mobile":{"background-color":"","background-image":"","background-repeat":"repeat","background-position":"center center","background-size":"auto","background-attachment":"scroll","background-type":"","background-media":"","overlay-type":"","overlay-color":"","overlay-gradient":""}},"ast-content-background-meta":{"desktop":{"background-color":"var(--ast-global-color-5)","background-image":"","background-repeat":"repeat","background-position":"center center","background-size":"auto","background-attachment":"scroll","background-type":"","background-media":"","overlay-type":"","overlay-color":"","overlay-gradient":""},"tablet":{"background-color":"var(--ast-global-color-5)","background-image":"","background-repeat":"repeat","background-position":"center center","background-size":"auto","background-attachment":"scroll","background-type":"","background-media":"","overlay-type":"","overlay-color":"","overlay-gradient":""},"mobile":{"background-color":"var(--ast-global-color-5)","background-image":"","background-repeat":"repeat","background-position":"center center","background-size":"auto","background-attachment":"scroll","background-type":"","background-media":"","overlay-type":"","overlay-color":"","overlay-gradient":""}}},"_links":{"self":[{"href":"http:\/\/outec.com.br\/index.php?rest_route=\/wp\/v2\/pages\/1146"}],"collection":[{"href":"http:\/\/outec.com.br\/index.php?rest_route=\/wp\/v2\/pages"}],"about":[{"href":"http:\/\/outec.com.br\/index.php?rest_route=\/wp\/v2\/types\/page"}],"author":[{"embeddable":true,"href":"http:\/\/outec.com.br\/index.php?rest_route=\/wp\/v2\/users\/1"}],"replies":[{"embeddable":true,"href":"http:\/\/outec.com.br\/index.php?rest_route=%2Fwp%2Fv2%2Fcomments&post=1146"}],"version-history":[{"count":7,"href":"http:\/\/outec.com.br\/index.php?rest_route=\/wp\/v2\/pages\/1146\/revisions"}],"predecessor-version":[{"id":1356,"href":"http:\/\/outec.com.br\/index.php?rest_route=\/wp\/v2\/pages\/1146\/revisions\/1356"}],"wp:attachment":[{"href":"http:\/\/outec.com.br\/index.php?rest_route=%2Fwp%2Fv2%2Fmedia&parent=1146"}],"curies":[{"name":"wp","href":"https:\/\/api.w.org\/{rel}","templated":true}]}}